{"id":2,"date":"2013-11-06T11:55:36","date_gmt":"2013-11-06T11:55:36","guid":{"rendered":"https:\/\/retorno.tv\/retorno\/?page_id=2"},"modified":"2024-10-18T01:05:24","modified_gmt":"2024-10-18T01:05:24","slug":"porque","status":"publish","type":"page","link":"https:\/\/retorno.tv\/retorno\/porque\/","title":{"rendered":"Por qu\u00e9 Retorno?"},"content":{"rendered":"\n<p>El proceso de RETORNO es un objetivo de vida, es cambiar siguiendo las instrucciones de Dios (Tor\u00e1):&nbsp;<em>\u201cEl que sacrifica alabanza me honrar\u00e1; y al que ordenare su camino, le mostrar\u00e9 la salvaci\u00f3n de Dios.\u201d<\/em>&nbsp;(Salmos 50:23).<br><strong>El camino de retorno tiene dos etapas principales:<\/strong>&nbsp;1\u00b0) RETORNO al Padre a trav\u00e9s del sacrificio expiatorio de su Hijo Jesucristo (Yesh\u00faa Ha\u2019Mashiaj), tanto en su condici\u00f3n de cordero que derram\u00f3 su sangre, como en la de Sumo Sacerdote que vierte su propia sangre en el propiciatorio ante Yahweh. Esto que implica el RETORNO a las instrucciones de Dios escritas en La Biblia ya que Jesucristo es la Tor\u00e1 de Yahweh (instrucciones de Dios) hecha carne, y 2\u00b0) RETORNO de Jesucristo para reinar en esta tierra con los que sean parte del remanente del Pueblo escogido por Yahweh.<\/p>\n\n\n\n<figure class=\"wp-block-image size-full\"><a href=\"https:\/\/retorno.tv\/retorno\/wp-content\/uploads\/2024\/05\/InicioRetorno.gif\"><img loading=\"lazy\" decoding=\"async\" width=\"655\" height=\"454\" src=\"https:\/\/retorno.tv\/retorno\/wp-content\/uploads\/2024\/05\/InicioRetorno.gif\" alt=\"\" class=\"wp-image-24\"\/><\/a><\/figure>\n\n\n\n<p><br>Debemos comenzar aceptando el mensaje de Jesucristo (Jesh\u00faa Ha\u2019Mashiaj), porque aceptarlo a \u00e9l significa aceptar su mensaje:&nbsp;<em>\u201cDesde entonces comenz\u00f3 Jes\u00fas a predicar, y a decir: Arrepent\u00edos, porque el reino de los cielos se ha acercado.\u201d<\/em>&nbsp;(Mateo 4:17). (<em>\u201c<\/em><em>Desde aquel momento, Yahsh\u00faa comenz\u00f3 a proclamar:&nbsp;<\/em><em>\u2018<\/em><em>\u00a1Vu\u00e9lvanse de sus pecados a YAHWEH, porque el Reino de YAHWEH est\u00e1 cerca!<\/em><em>\u2019\u201d<\/em>&nbsp;Biblia Kadosh).<\/p>\n\n\n\n<p><br>La Escritura habla claramente acerca de que el anuncio del Evangelio consiste en: arrepentirse y convertirse a Dios, haciendo obras dignas de ese arrepentimiento:&nbsp;<em>\u201c\u2026anunci\u00e9 primeramente a los que est\u00e1n en Damasco, y Jerusal\u00e9n, y por toda la tierra de Judea, y a los gentiles, que se arrepintiesen y se convirtiesen a Dios, haciendo obras dignas de arrepentimiento.\u201d<\/em>&nbsp;(Hechos 26:20).<\/p>\n\n\n\n<p><br>La palabra hebrea traducida como arrepentimiento es \u201c<strong>teshuv\u00e1<\/strong>\u201d, que literalmente significa \u00ab<strong>retorno<\/strong>\u00ab. Por lo que podemos afirmar que RETORNO es un proceso de confrontaci\u00f3n de nuestra vida con la Palabra viva de Dios.<strong><\/strong><\/p>\n\n\n\n<p><br><strong>Transitando el proceso:&nbsp;<\/strong><em>\u201cBuscad a Jehov\u00e1 mientras puede ser hallado, llamadle en tanto que est\u00e1 cercano. Deje el imp\u00edo su camino, y el hombre inicuo sus pensamientos, y vu\u00e9lvase a Jehov\u00e1, el cual tendr\u00e1 de \u00e9l misericordia, y al Dios nuestro, el cual ser\u00e1 amplio en perdonar.\u201d<\/em>&nbsp;(Isa\u00edas 55:6-7).<\/p>\n\n\n\n<p><br><strong>Paso 1 \u2013 Arrepentimiento.<\/strong><br><strong>Paso 2<\/strong><strong>&nbsp;<\/strong><strong>\u2013 Cesaci\u00f3n o abandonar el pecado.<\/strong><br><strong>Paso 3 \u2013 Confesi\u00f3n y pedir perd\u00f3n.<\/strong><br><strong>Paso 4 \u2013 Resoluci\u00f3n o decidir no repetirlo.<\/strong><\/p>\n\n\n\n<p><br><strong>El retorno de Jesucristo (Yesh\u00fas Ha\u2019Mashiaj) para reinar&nbsp;<\/strong>se producir\u00e1 cuando su \u201cremanente escogido\u201d, formado tanto por jud\u00edos como por gentiles, haya completado el proceso de RETORNO a Yahweh:&nbsp;<em>\u201cAs\u00ed que, arrepent\u00edos y convert\u00edos, para que sean borrados vuestros pecados; para que vengan de la presencia del Se\u00f1or tiempos de refrigerio, y \u00e9l env\u00ede a Jesucristo, que os fue antes anunciado; a quien de cierto es necesario que el cielo reciba hasta los tiempos de la restauraci\u00f3n de todas las cosas, de que habl\u00f3 Dios por boca de sus santos profetas que han sido desde tiempo antiguo.\u201d<\/em>&nbsp;(Hechos 3:19-21).<\/p>\n\n\n\n<p><em>\u201cEntonces, o\u00eddas estas cosas, callaron, y glorificaron a Dios, diciendo: \u00a1De manera que tambi\u00e9n a los gentiles ha dado Dios arrepentimiento para vida!\u201d<\/em>&nbsp;(Hechos 11:18).&nbsp;<em>\u201c\u00bfO menosprecias las riquezas de su benignidad, paciencia y longanimidad, ignorando que su benignidad te gu\u00eda al arrepentimiento? Pero por tu dureza y por tu coraz\u00f3n no arrepentido, atesoras para ti mismo ira para el d\u00eda de la ira y de la revelaci\u00f3n del justo juicio de Dios, el cual pagar\u00e1 a cada uno conforme a sus obras: vida eterna a los que, perseverando en bien hacer, buscan gloria y honra e inmortalidad, pero ira y enojo a los que son contenciosos y no obedecen a la verdad, sino que obedecen a la injusticia; tribulaci\u00f3n y angustia sobre todo ser humano que hace lo malo, el jud\u00edo primeramente y tambi\u00e9n el griego, pero gloria y honra y paz a todo el que hace lo bueno, al jud\u00edo primeramente y tambi\u00e9n al griego; porque no hay acepci\u00f3n de personas para con Dios.\u201d<\/em>&nbsp;(Romanos 2:4-11).<\/p>\n\n\n\n<p><a href=\"https:\/\/facultadbiblica.com\/\" target=\"_blank\" rel=\"noreferrer noopener\">Dr. Horacio J. Cornelli<\/a><\/p>\n\n\n\n<hr class=\"wp-block-separator has-alpha-channel-opacity\"\/>\n\n\n\n<div class=\"wp-block-group is-vertical is-layout-flex wp-container-core-group-is-layout-8cf370e7 wp-block-group-is-layout-flex\"><\/div>\n","protected":false},"excerpt":{"rendered":"<p>El proceso de RETORNO es un objetivo de vida, es cambiar siguiendo las instrucciones de Dios (Tor\u00e1):&nbsp;\u201cEl que sacrifica alabanza me honrar\u00e1; y al que ordenare su camino, le mostrar\u00e9 la salvaci\u00f3n de Dios.\u201d&nbsp;(Salmos 50:23).El camino de retorno tiene dos etapas principales:&nbsp;1\u00b0) RETORNO al Padre a trav\u00e9s del sacrificio expiatorio de su Hijo Jesucristo (Yesh\u00faa [&hellip;]<\/p>\n","protected":false},"author":2,"featured_media":0,"parent":0,"menu_order":0,"comment_status":"closed","ping_status":"closed","template":"","meta":{"footnotes":""},"class_list":["post-2","page","type-page","status-publish","hentry"],"_links":{"self":[{"href":"https:\/\/retorno.tv\/retorno\/wp-json\/wp\/v2\/pages\/2","targetHints":{"allow":["GET"]}}],"collection":[{"href":"https:\/\/retorno.tv\/retorno\/wp-json\/wp\/v2\/pages"}],"about":[{"href":"https:\/\/retorno.tv\/retorno\/wp-json\/wp\/v2\/types\/page"}],"author":[{"embeddable":true,"href":"https:\/\/retorno.tv\/retorno\/wp-json\/wp\/v2\/users\/2"}],"replies":[{"embeddable":true,"href":"https:\/\/retorno.tv\/retorno\/wp-json\/wp\/v2\/comments?post=2"}],"version-history":[{"count":5,"href":"https:\/\/retorno.tv\/retorno\/wp-json\/wp\/v2\/pages\/2\/revisions"}],"predecessor-version":[{"id":159,"href":"https:\/\/retorno.tv\/retorno\/wp-json\/wp\/v2\/pages\/2\/revisions\/159"}],"wp:attachment":[{"href":"https:\/\/retorno.tv\/retorno\/wp-json\/wp\/v2\/media?parent=2"}],"curies":[{"name":"wp","href":"https:\/\/api.w.org\/{rel}","templated":true}]}}